{"id":1531,"date":"2025-03-04T04:08:28","date_gmt":"2025-03-04T04:08:28","guid":{"rendered":"http:\/\/gtaplatform.eu\/?page_id=1531"},"modified":"2025-03-04T04:36:52","modified_gmt":"2025-03-04T04:36:52","slug":"treninkove-moduly","status":"publish","type":"page","link":"https:\/\/gtaplatform.eu\/cs\/treninkove-moduly\/","title":{"rendered":"Tr\u00e9ninkov\u00e9 moduly"},"content":{"rendered":"\n<style type=\"text\/css\" data-created_by=\"avia_inline_auto\" id=\"style-css-av-lr41usaq-7c702b7c254ee4cc28209cb875164cd1\">\n.avia-section.av-lr41usaq-7c702b7c254ee4cc28209cb875164cd1{\nbackground-repeat:no-repeat;\nbackground-image:url(https:\/\/gtaplatform.eu\/wp-content\/uploads\/2025\/01\/GTA-Home.jpg);\nbackground-position:50% 50%;\nbackground-attachment:scroll;\n}\n.avia-section.av-lr41usaq-7c702b7c254ee4cc28209cb875164cd1 .av-section-color-overlay{\nopacity:0.8;\nbackground-color:#50a331;\n}\n<\/style>\n<div id='av_section_1'  class='avia-section av-lr41usaq-7c702b7c254ee4cc28209cb875164cd1 main_color avia-section-default avia-no-border-styling  avia-builder-el-0  el_before_av_one_full  avia-builder-el-first  avia-full-stretch avia-bg-style-scroll av-section-color-overlay-active av-minimum-height av-minimum-height-100 av-height-100  container_wrap sidebar_right'  data-section-bg-repeat='stretch' data-av_minimum_height_pc='100' data-av_min_height_opt='100'><div class=\"av-section-color-overlay-wrap\"><div class=\"av-section-color-overlay\"><\/div><div class='container av-section-cont-open' ><main  role=\"main\" itemprop=\"mainContentOfPage\"  class='template-page content  av-content-small alpha units'><div class='post-entry post-entry-type-page post-entry-1531'><div class='entry-content-wrapper clearfix'>\n\n<style type=\"text\/css\" data-created_by=\"avia_inline_auto\" id=\"style-css-av-lr41xi0y-e26b16569a4df55279f5f4defc099ea1\">\n#top .av-special-heading.av-lr41xi0y-e26b16569a4df55279f5f4defc099ea1{\npadding-bottom:10px;\ncolor:#ffffff;\nfont-size:4vw;\n}\nbody .av-special-heading.av-lr41xi0y-e26b16569a4df55279f5f4defc099ea1 .av-special-heading-tag .heading-char{\nfont-size:25px;\n}\n#top #wrap_all .av-special-heading.av-lr41xi0y-e26b16569a4df55279f5f4defc099ea1 .av-special-heading-tag{\nfont-size:4vw;\n}\n.av-special-heading.av-lr41xi0y-e26b16569a4df55279f5f4defc099ea1 .special-heading-inner-border{\nborder-color:#ffffff;\n}\n.av-special-heading.av-lr41xi0y-e26b16569a4df55279f5f4defc099ea1 .av-subheading{\nfont-size:15px;\n}\nbody .av-special-heading.av-lr41xi0y-e26b16569a4df55279f5f4defc099ea1 .av-special-heading-tag .heading-wrap:before{\nborder-color:#ffffff;\n}\nbody .av-special-heading.av-lr41xi0y-e26b16569a4df55279f5f4defc099ea1 .av-special-heading-tag .heading-wrap:after{\nborder-color:#ffffff;\n}\n\n@media only screen and (min-width: 480px) and (max-width: 767px){ \n#top #wrap_all .av-special-heading.av-lr41xi0y-e26b16569a4df55279f5f4defc099ea1 .av-special-heading-tag{\nfont-size:0.8em;\n}\n}\n\n@media only screen and (max-width: 479px){ \n#top #wrap_all .av-special-heading.av-lr41xi0y-e26b16569a4df55279f5f4defc099ea1 .av-special-heading-tag{\nfont-size:0.8em;\n}\n}\n<\/style>\n<div  class='av-special-heading av-lr41xi0y-e26b16569a4df55279f5f4defc099ea1 av-special-heading-h2 custom-color-heading blockquote modern-quote modern-centered  avia-builder-el-1  avia-builder-el-no-sibling  av-inherit-size'><h2 class='av-special-heading-tag '  itemprop=\"headline\"  >ZLEP\u0160EN\u00cd \u00da\u010cASTI PRACOVN\u00cdK\u016e VE FIRM\u011aCH NA P\u0158\u00cdPRAV\u011a A \u0158\u00cdZEN\u00cd ZM\u011aN VYVOLAN\u00ddCH ZELEN\u00ddM P\u0158ECHODEM \u2013 GTA<\/h2><div class=\"special-heading-border\"><div class=\"special-heading-inner-border\"><\/div><\/div><\/div>\n<\/div><\/div><\/main><!-- close content main element --><\/div><\/div><\/div><div id='after_section_1'  class='main_color av_default_container_wrap container_wrap sidebar_right'  ><div class='container av-section-cont-open' ><div class='template-page content  av-content-small alpha units'><div class='post-entry post-entry-type-page post-entry-1531'><div class='entry-content-wrapper clearfix'>\n<div  class='flex_column av-2jfzy6-15a7bfc8772a52923d431bcca8e933f9 av_one_full  avia-builder-el-2  el_after_av_section  avia-builder-el-no-sibling  first flex_column_div  '     ><div  class='tabcontainer av-m7tyxvyf-36ad0b8b4cf5416710f066147e736ae9 top_tab  avia-builder-el-3  avia-builder-el-no-sibling '>\n<section class='av_tab_section av_tab_section av-m7tyu736-05aa8f784ea15e473ff56c1d56c351c2'  itemscope=\"itemscope\" itemtype=\"https:\/\/schema.org\/CreativeWork\" ><div id='tab-id-1-tab' class='tab active_tab' role='tab' aria-selected=\"true\" tabindex=\"0\" data-fake-id='#tab-id-1' aria-controls='tab-id-1-content'  itemprop=\"headline\" ><span class='tab_icon' aria-hidden='true' data-av_icon='\ue812' data-av_iconfont='entypo-fontello'><\/span>1. modul<\/div><div id='tab-id-1-content' class='tab_content active_tab_content' role='tabpanel' aria-labelledby='tab-id-1-tab' aria-hidden=\"false\"><div class='tab_inner_content invers-color'  itemprop=\"text\" ><p><embed src=\"http:\/\/gtaplatform.eu\/wp-content\/uploads\/2025\/03\/1.-CZ-SPS-GTA-module-green-and-digital-transition.DOCX.pdf\" type=\"application\/pdf\" width=\"100%\" height=\"600px\" \/><\/p>\n<\/div><\/div><\/section>\n<section class='av_tab_section av_tab_section av-m7tyv82c-a709a65f1ed76da0829a8963bcfb3de0'  itemscope=\"itemscope\" itemtype=\"https:\/\/schema.org\/CreativeWork\" ><div id='tab-id-2-tab' class='tab' role='tab' aria-selected=\"false\" tabindex=\"0\" data-fake-id='#tab-id-2' aria-controls='tab-id-2-content'  itemprop=\"headline\" ><span class='tab_icon' aria-hidden='true' data-av_icon='\ue812' data-av_iconfont='entypo-fontello'><\/span>2. modul<\/div><div id='tab-id-2-content' class='tab_content' role='tabpanel' aria-labelledby='tab-id-2-tab' aria-hidden=\"true\"><div class='tab_inner_content invers-color'  itemprop=\"text\" ><p><embed src=\"http:\/\/gtaplatform.eu\/wp-content\/uploads\/2025\/03\/2.-GWU-Module-GTA-CZ.docx.pdf\" type=\"application\/pdf\" width=\"100%\" height=\"600px\" \/><\/p>\n<\/div><\/div><\/section>\n<section class='av_tab_section av_tab_section av-m7tywcau-ef0af95f1c1f85383bbf724e123cf41f'  itemscope=\"itemscope\" itemtype=\"https:\/\/schema.org\/CreativeWork\" ><div id='tab-id-3-tab' class='tab' role='tab' aria-selected=\"false\" tabindex=\"0\" data-fake-id='#tab-id-3' aria-controls='tab-id-3-content'  itemprop=\"headline\" ><span class='tab_icon' aria-hidden='true' data-av_icon='\ue812' data-av_iconfont='entypo-fontello'><\/span>3. modul<\/div><div id='tab-id-3-content' class='tab_content' role='tabpanel' aria-labelledby='tab-id-3-tab' aria-hidden=\"true\"><div class='tab_inner_content invers-color'  itemprop=\"text\" ><p><embed src=\"http:\/\/gtaplatform.eu\/wp-content\/uploads\/2025\/03\/3.-CZ-Podstawy-analizy-finansowej.docx.pdf\" type=\"application\/pdf\" width=\"100%\" height=\"600px\" \/><\/p>\n<\/div><\/div><\/section>\n<section class='av_tab_section av_tab_section av-m7tyxjli-0f7e0a09ccccd60f3556a843a56ed0b4'  itemscope=\"itemscope\" itemtype=\"https:\/\/schema.org\/CreativeWork\" ><div id='tab-id-4-tab' class='tab' role='tab' aria-selected=\"false\" tabindex=\"0\" data-fake-id='#tab-id-4' aria-controls='tab-id-4-content'  itemprop=\"headline\" ><span class='tab_icon' aria-hidden='true' data-av_icon='\ue812' data-av_iconfont='entypo-fontello'><\/span>4. modul<\/div><div id='tab-id-4-content' class='tab_content' role='tabpanel' aria-labelledby='tab-id-4-tab' aria-hidden=\"true\"><div class='tab_inner_content invers-color'  itemprop=\"text\" ><p><embed src=\"http:\/\/gtaplatform.eu\/wp-content\/uploads\/2025\/03\/4.-CZ-The-role-of-effective-communication.docx.pdf\" type=\"application\/pdf\" width=\"100%\" height=\"600px\" \/><\/p>\n<\/div><\/div><\/section>\n<\/div><\/div>\n","protected":false},"excerpt":{"rendered":"","protected":false},"author":3,"featured_media":0,"parent":0,"menu_order":0,"comment_status":"closed","ping_status":"closed","template":"","meta":{"footnotes":""},"class_list":["post-1531","page","type-page","status-publish","hentry"],"_links":{"self":[{"href":"https:\/\/gtaplatform.eu\/cs\/wp-json\/wp\/v2\/pages\/1531","targetHints":{"allow":["GET"]}}],"collection":[{"href":"https:\/\/gtaplatform.eu\/cs\/wp-json\/wp\/v2\/pages"}],"about":[{"href":"https:\/\/gtaplatform.eu\/cs\/wp-json\/wp\/v2\/types\/page"}],"author":[{"embeddable":true,"href":"https:\/\/gtaplatform.eu\/cs\/wp-json\/wp\/v2\/users\/3"}],"replies":[{"embeddable":true,"href":"https:\/\/gtaplatform.eu\/cs\/wp-json\/wp\/v2\/comments?post=1531"}],"version-history":[{"count":4,"href":"https:\/\/gtaplatform.eu\/cs\/wp-json\/wp\/v2\/pages\/1531\/revisions"}],"predecessor-version":[{"id":1725,"href":"https:\/\/gtaplatform.eu\/cs\/wp-json\/wp\/v2\/pages\/1531\/revisions\/1725"}],"wp:attachment":[{"href":"https:\/\/gtaplatform.eu\/cs\/wp-json\/wp\/v2\/media?parent=1531"}],"curies":[{"name":"wp","href":"https:\/\/api.w.org\/{rel}","templated":true}]}}