{"id":219,"date":"2024-01-07T22:01:30","date_gmt":"2024-01-07T22:01:30","guid":{"rendered":"http:\/\/gtaplatform.eu\/home\/"},"modified":"2025-04-08T06:05:17","modified_gmt":"2025-04-08T06:05:17","slug":"home","status":"publish","type":"page","link":"https:\/\/gtaplatform.eu\/cs\/","title":{"rendered":"Home"},"content":{"rendered":"\n<style type=\"text\/css\" data-created_by=\"avia_inline_auto\" id=\"style-css-av-lr41usaq-7c702b7c254ee4cc28209cb875164cd1\">\n.avia-section.av-lr41usaq-7c702b7c254ee4cc28209cb875164cd1{\nbackground-repeat:no-repeat;\nbackground-image:url(https:\/\/gtaplatform.eu\/wp-content\/uploads\/2025\/01\/GTA-Home.jpg);\nbackground-position:50% 50%;\nbackground-attachment:scroll;\n}\n.avia-section.av-lr41usaq-7c702b7c254ee4cc28209cb875164cd1 .av-section-color-overlay{\nopacity:0.8;\nbackground-color:#50a331;\n}\n<\/style>\n<div id='av_section_1'  class='avia-section av-lr41usaq-7c702b7c254ee4cc28209cb875164cd1 main_color avia-section-default avia-no-border-styling  avia-builder-el-0  el_before_av_textblock  avia-builder-el-first  avia-full-stretch avia-bg-style-scroll av-section-color-overlay-active av-minimum-height av-minimum-height-100 av-height-100  container_wrap sidebar_right'  data-section-bg-repeat='stretch' data-av_minimum_height_pc='100' data-av_min_height_opt='100'><div class=\"av-section-color-overlay-wrap\"><div class=\"av-section-color-overlay\"><\/div><div class='container av-section-cont-open' ><main  role=\"main\" itemprop=\"mainContentOfPage\"  class='template-page content  av-content-small alpha units'><div class='post-entry post-entry-type-page post-entry-219'><div class='entry-content-wrapper clearfix'>\n\n<style type=\"text\/css\" data-created_by=\"avia_inline_auto\" id=\"style-css-av-lr41xi0y-e26b16569a4df55279f5f4defc099ea1\">\n#top .av-special-heading.av-lr41xi0y-e26b16569a4df55279f5f4defc099ea1{\npadding-bottom:10px;\ncolor:#ffffff;\nfont-size:4vw;\n}\nbody .av-special-heading.av-lr41xi0y-e26b16569a4df55279f5f4defc099ea1 .av-special-heading-tag .heading-char{\nfont-size:25px;\n}\n#top #wrap_all .av-special-heading.av-lr41xi0y-e26b16569a4df55279f5f4defc099ea1 .av-special-heading-tag{\nfont-size:4vw;\n}\n.av-special-heading.av-lr41xi0y-e26b16569a4df55279f5f4defc099ea1 .special-heading-inner-border{\nborder-color:#ffffff;\n}\n.av-special-heading.av-lr41xi0y-e26b16569a4df55279f5f4defc099ea1 .av-subheading{\nfont-size:15px;\n}\nbody .av-special-heading.av-lr41xi0y-e26b16569a4df55279f5f4defc099ea1 .av-special-heading-tag .heading-wrap:before{\nborder-color:#ffffff;\n}\nbody .av-special-heading.av-lr41xi0y-e26b16569a4df55279f5f4defc099ea1 .av-special-heading-tag .heading-wrap:after{\nborder-color:#ffffff;\n}\n\n@media only screen and (min-width: 480px) and (max-width: 767px){ \n#top #wrap_all .av-special-heading.av-lr41xi0y-e26b16569a4df55279f5f4defc099ea1 .av-special-heading-tag{\nfont-size:0.8em;\n}\n}\n\n@media only screen and (max-width: 479px){ \n#top #wrap_all .av-special-heading.av-lr41xi0y-e26b16569a4df55279f5f4defc099ea1 .av-special-heading-tag{\nfont-size:0.8em;\n}\n}\n<\/style>\n<div  class='av-special-heading av-lr41xi0y-e26b16569a4df55279f5f4defc099ea1 av-special-heading-h2 custom-color-heading blockquote modern-quote modern-centered  avia-builder-el-1  avia-builder-el-no-sibling  av-inherit-size'><h2 class='av-special-heading-tag '  itemprop=\"headline\"  >ZLEP\u0160EN\u00cd \u00da\u010cASTI PRACOVN\u00cdK\u016e VE FIRM\u011aCH NA P\u0158\u00cdPRAV\u011a A \u0158\u00cdZEN\u00cd ZM\u011aN VYVOLAN\u00ddCH ZELEN\u00ddM P\u0158ECHODEM \u2013 GTA<\/h2><div class=\"special-heading-border\"><div class=\"special-heading-inner-border\"><\/div><\/div><\/div>\n<\/div><\/div><\/main><!-- close content main element --><\/div><\/div><\/div><div id='after_section_1'  class='main_color av_default_container_wrap container_wrap sidebar_right'  ><div class='container av-section-cont-open' ><div class='template-page content  av-content-small alpha units'><div class='post-entry post-entry-type-page post-entry-219'><div class='entry-content-wrapper clearfix'>\n<section  class='av_textblock_section av-m7ldf6wd-6a83d0718ac74f8f060f5223377d48cf '   itemscope=\"itemscope\" itemtype=\"https:\/\/schema.org\/CreativeWork\" ><div class='avia_textblock'  itemprop=\"text\" ><p style=\"text-align: center;\">Za\u010d\u00e1tek: 01.12.2023<\/p>\n<p style=\"text-align: center;\">Konec: 31.07.2025<\/p>\n<p style=\"text-align: center;\">doba trv\u00e1n\u00ed: 20 m\u011bs\u00edc\u016f<\/p>\n<\/div><\/section>\n<div  class='hr av-av_hr-91d7ccd583a503147498e120fee2ff9b hr-default  avia-builder-el-3  el_after_av_textblock  el_before_av_one_full '><span class='hr-inner '><span class=\"hr-inner-style\"><\/span><\/span><\/div>\n<div  class='flex_column av-av_one_full-2d22dc0500e159f2b39fe7a147caf14c av_one_full  avia-builder-el-4  el_after_av_hr  avia-builder-el-last  first flex_column_div  '     ><p><section  class='av_textblock_section av-m7lddxka-bdb5f0dfa12a3b601046a5b25a5e27d9 '   itemscope=\"itemscope\" itemtype=\"https:\/\/schema.org\/CreativeWork\" ><div class='avia_textblock'  itemprop=\"text\" ><p><u>Project beneficiaries:<\/u><\/p>\n<p style=\"text-align: center;\"><strong>&#8211; OGOLNOPOLSKIE POROZUMIENIE ZWIAZKOW ZAWODOWYCH (OPZZ)<\/strong>-Poland,<\/p>\n<p style=\"text-align: center;\">&#8211; <strong>VORMING EN ACTIE (Vorming)<\/strong> &#8211; Belgium,<\/p>\n<p style=\"text-align: center;\">&#8211; <strong>GENERAL WORKERS UNION TRADE UNION (GWU) &#8211;<\/strong> Malta,<\/p>\n<p style=\"text-align: center;\">&#8211; <strong>THE MALTA CHAMBER OF COMMERCE AND ENTERPRISE ASSOCIATION (MCOC) &#8211; <\/strong>Malta,<\/p>\n<p style=\"text-align: center;\">&#8211; <strong>FEDERACJA PRZEDSIEBIORCOW POLSKICH (FPP) &#8211;<\/strong> Poland,<\/p>\n<p style=\"text-align: center;\">&#8211; <strong>THE ASSOTIATION OF TRADE UNIONS OF LVIV REGION (ATULR) &#8211;<\/strong> Ukraine,<\/p>\n<p style=\"text-align: center;\">&#8211; <strong>CONFEDERAZIONE GENERALE ITALIANA DEL LAVORO (CGIL) &#8211;<\/strong> Italy,<\/p>\n<p style=\"text-align: center;\">&#8211; <strong>SVAZ PODNIKATELU VE STAVEBNICTVI (SPS) \u2013<\/strong> Czech REpublic<\/p>\n<p style=\"text-align: center;\">&#8211; <strong>ALGEMEEN CHRISTELIJK VAKVERBOND VAN BELGIE (ACV-CSC) \u2013<\/strong> Belgium.<\/p>\n<\/div><\/section><br \/>\n<div  class='hr av-av_hr-91d7ccd583a503147498e120fee2ff9b hr-default  avia-builder-el-6  el_after_av_textblock  el_before_av_textblock '><span class='hr-inner '><span class=\"hr-inner-style\"><\/span><\/span><\/div><br \/>\n<section  class='av_textblock_section av-m983fdu4-df8de3a698065528941f1258e0cdc271 '   itemscope=\"itemscope\" itemtype=\"https:\/\/schema.org\/CreativeWork\" ><div class='avia_textblock'  itemprop=\"text\" ><p><strong>C\u00edlem tohoto projektu<\/strong> je vybudovat kapacitu zainteresovan\u00fdch stran vyu\u017e\u00edvat informa\u010dn\u00ed, konzulta\u010dn\u00ed a participa\u010dn\u00ed n\u00e1stroje na pracovi\u0161ti, zajistit efektivn\u00ed zapojen\u00ed pracovn\u00edk\u016f do rozhodovac\u00edch proces\u016f souvisej\u00edc\u00edch s ekologick\u00fdm p\u0159echodem a zohlednit jejich z\u00e1jmy, a t\u00edm \u0159e\u0161it druhou prioritu podpory zapojen\u00ed pracovn\u00edk\u016f do p\u0159edv\u00edd\u00e1n\u00ed a \u0159\u00edzen\u00ed zm\u011bn a p\u0159edch\u00e1zen\u00ed a \u0159e\u0161en\u00ed spor\u016f v p\u0159\u00edpad\u011b r\u016fzn\u00fdch forem restrukturalizace.<\/p>\n<\/div><\/section><br \/>\n<div  class='hr av-av_hr-91d7ccd583a503147498e120fee2ff9b hr-default  avia-builder-el-8  el_after_av_textblock  el_before_av_textblock '><span class='hr-inner '><span class=\"hr-inner-style\"><\/span><\/span><\/div><br \/>\n<section  class='av_textblock_section av-m983i75c-03bb01cb81cf38bd7e900dfcf238bfbf '   itemscope=\"itemscope\" itemtype=\"https:\/\/schema.org\/CreativeWork\" ><div class='avia_textblock'  itemprop=\"text\" ><p><strong>Projektov\u00e9 aktivity:<\/strong><\/p>\n<p style=\"text-align: center;\">\n&#8211; Online jedn\u00e1n\u00ed \u0159\u00edd\u00edc\u00edho v\u00fdboru, 01.02.2024,<\/p>\n<p style=\"text-align: center;\">\n&#8211; Vypracov\u00e1n\u00ed ak\u010dn\u00edho pl\u00e1nu s\u00edt\u011b EGWPAN<\/p>\n<p style=\"text-align: center;\">\n&#8211; 1. online networkingov\u00e9 setk\u00e1n\u00ed, 05.04.2024<\/p>\n<p style=\"text-align: center;\">\n&#8211; 1. Online kompeten\u010dn\u00ed kurz, 20-21.05.2024<\/p>\n<p style=\"text-align: center;\">\n&#8211; 2. online kompeten\u010dn\u00ed kurz, 08-09.07.2024<\/p>\n<p style=\"text-align: center;\">\n&#8211; 2. online networkingov\u00e9 setk\u00e1n\u00ed, 3.6.2024<\/p>\n<p style=\"text-align: center;\">\n&#8211; Osobn\u00ed \u0161kolen\u00ed Competence v Krakov\u011b, 17.-18.07.2024<\/p>\n<p style=\"text-align: center;\">\n&#8211; P\u0159\u00edprava digit\u00e1ln\u00ed platformy OER \u201eOtev\u0159en\u00e9 vzd\u011bl\u00e1vac\u00ed zdroje\u201c.<\/p>\n<p style=\"text-align: center;\">\n&#8211; 3. online networkingov\u00e1 setk\u00e1n\u00ed, 11.9.2024<\/p>\n<p style=\"text-align: center;\">\n&#8211; V\u00fdvoj kurzu agiln\u00edho \u0159\u00edzen\u00ed zelen\u00fdch zm\u011bn EGWPAN pro z\u00e1stupce zam\u011bstnanc\u016f (4 moduly)<\/p>\n<p style=\"text-align: center;\">\n&#8211; Testov\u00e1n\u00ed kurzu: na 1 setk\u00e1n\u00ed n\u00e1rodn\u00edho online \u0161kolen\u00ed<\/p>\n<p style=\"text-align: center;\">\n&#8211; P\u0159\u00edprava ak\u010dn\u00edho pl\u00e1nu \u0159\u00edzen\u00ed zelen\u00fdch zm\u011bn pro inkluzivn\u00ed zelen\u00fd p\u0159echod<\/p>\n<p style=\"text-align: center;\">\n\u2013 Online semin\u00e1\u0159 o v\u00fdhledu na \u00farovni EU, kv\u011bten 2025<\/p>\n<p style=\"text-align: center;\">\n&#8211; Video propaguj\u00edc\u00ed pr\u00e1ci Evropsk\u00e9 s\u00edt\u011b poradc\u016f pro zapojen\u00ed zelen\u00fdch pracovn\u00edk\u016f (EGWPAN).<\/p>\n<\/div><\/section><\/p><\/div>\n","protected":false},"excerpt":{"rendered":"","protected":false},"author":1,"featured_media":0,"parent":0,"menu_order":0,"comment_status":"closed","ping_status":"closed","template":"","meta":{"footnotes":""},"class_list":["post-219","page","type-page","status-publish","hentry"],"_links":{"self":[{"href":"https:\/\/gtaplatform.eu\/cs\/wp-json\/wp\/v2\/pages\/219","targetHints":{"allow":["GET"]}}],"collection":[{"href":"https:\/\/gtaplatform.eu\/cs\/wp-json\/wp\/v2\/pages"}],"about":[{"href":"https:\/\/gtaplatform.eu\/cs\/wp-json\/wp\/v2\/types\/page"}],"author":[{"embeddable":true,"href":"https:\/\/gtaplatform.eu\/cs\/wp-json\/wp\/v2\/users\/1"}],"replies":[{"embeddable":true,"href":"https:\/\/gtaplatform.eu\/cs\/wp-json\/wp\/v2\/comments?post=219"}],"version-history":[{"count":5,"href":"https:\/\/gtaplatform.eu\/cs\/wp-json\/wp\/v2\/pages\/219\/revisions"}],"predecessor-version":[{"id":1973,"href":"https:\/\/gtaplatform.eu\/cs\/wp-json\/wp\/v2\/pages\/219\/revisions\/1973"}],"wp:attachment":[{"href":"https:\/\/gtaplatform.eu\/cs\/wp-json\/wp\/v2\/media?parent=219"}],"curies":[{"name":"wp","href":"https:\/\/api.w.org\/{rel}","templated":true}]}}