{"id":2419,"date":"2025-04-30T07:09:31","date_gmt":"2025-04-30T07:09:31","guid":{"rendered":"http:\/\/gtaplatform.eu\/?page_id=2419"},"modified":"2025-04-30T07:09:33","modified_gmt":"2025-04-30T07:09:33","slug":"cz-oers","status":"publish","type":"page","link":"https:\/\/gtaplatform.eu\/cs\/cz-oers\/","title":{"rendered":"Oers"},"content":{"rendered":"\n<style type=\"text\/css\" data-created_by=\"avia_inline_auto\" id=\"style-css-av-lr41usaq-7c702b7c254ee4cc28209cb875164cd1\">\n.avia-section.av-lr41usaq-7c702b7c254ee4cc28209cb875164cd1{\nbackground-repeat:no-repeat;\nbackground-image:url(https:\/\/gtaplatform.eu\/wp-content\/uploads\/2025\/01\/GTA-Home.jpg);\nbackground-position:50% 50%;\nbackground-attachment:scroll;\n}\n.avia-section.av-lr41usaq-7c702b7c254ee4cc28209cb875164cd1 .av-section-color-overlay{\nopacity:0.8;\nbackground-color:#50a331;\n}\n<\/style>\n<div id='av_section_1'  class='avia-section av-lr41usaq-7c702b7c254ee4cc28209cb875164cd1 main_color avia-section-default avia-no-border-styling  avia-builder-el-0  el_before_av_one_half  avia-builder-el-first  avia-full-stretch avia-bg-style-scroll av-section-color-overlay-active av-minimum-height av-minimum-height-100 av-height-100  container_wrap sidebar_right'  data-section-bg-repeat='stretch' data-av_minimum_height_pc='100' data-av_min_height_opt='100'><div class=\"av-section-color-overlay-wrap\"><div class=\"av-section-color-overlay\"><\/div><div class='container av-section-cont-open' ><main  role=\"main\" itemprop=\"mainContentOfPage\"  class='template-page content  av-content-small alpha units'><div class='post-entry post-entry-type-page post-entry-2419'><div class='entry-content-wrapper clearfix'>\n\n<style type=\"text\/css\" data-created_by=\"avia_inline_auto\" id=\"style-css-av-lr41xi0y-e26b16569a4df55279f5f4defc099ea1\">\n#top .av-special-heading.av-lr41xi0y-e26b16569a4df55279f5f4defc099ea1{\npadding-bottom:10px;\ncolor:#ffffff;\nfont-size:4vw;\n}\nbody .av-special-heading.av-lr41xi0y-e26b16569a4df55279f5f4defc099ea1 .av-special-heading-tag .heading-char{\nfont-size:25px;\n}\n#top #wrap_all .av-special-heading.av-lr41xi0y-e26b16569a4df55279f5f4defc099ea1 .av-special-heading-tag{\nfont-size:4vw;\n}\n.av-special-heading.av-lr41xi0y-e26b16569a4df55279f5f4defc099ea1 .special-heading-inner-border{\nborder-color:#ffffff;\n}\n.av-special-heading.av-lr41xi0y-e26b16569a4df55279f5f4defc099ea1 .av-subheading{\nfont-size:15px;\n}\nbody .av-special-heading.av-lr41xi0y-e26b16569a4df55279f5f4defc099ea1 .av-special-heading-tag .heading-wrap:before{\nborder-color:#ffffff;\n}\nbody .av-special-heading.av-lr41xi0y-e26b16569a4df55279f5f4defc099ea1 .av-special-heading-tag .heading-wrap:after{\nborder-color:#ffffff;\n}\n\n@media only screen and (min-width: 480px) and (max-width: 767px){ \n#top #wrap_all .av-special-heading.av-lr41xi0y-e26b16569a4df55279f5f4defc099ea1 .av-special-heading-tag{\nfont-size:0.8em;\n}\n}\n\n@media only screen and (max-width: 479px){ \n#top #wrap_all .av-special-heading.av-lr41xi0y-e26b16569a4df55279f5f4defc099ea1 .av-special-heading-tag{\nfont-size:0.8em;\n}\n}\n<\/style>\n<div  class='av-special-heading av-lr41xi0y-e26b16569a4df55279f5f4defc099ea1 av-special-heading-h2 custom-color-heading blockquote modern-quote modern-centered  avia-builder-el-1  avia-builder-el-no-sibling  av-inherit-size'><h2 class='av-special-heading-tag '  itemprop=\"headline\"  >ZLEP\u0160EN\u00cd \u00da\u010cASTI PRACOVN\u00cdK\u016e VE FIRM\u011aCH NA P\u0158\u00cdPRAV\u011a A \u0158\u00cdZEN\u00cd ZM\u011aN VYVOLAN\u00ddCH ZELEN\u00ddM P\u0158ECHODEM \u2013 GTA<\/h2><div class=\"special-heading-border\"><div class=\"special-heading-inner-border\"><\/div><\/div><\/div>\n<\/div><\/div><\/main><!-- close content main element --><\/div><\/div><\/div><div id='after_section_1'  class='main_color av_default_container_wrap container_wrap sidebar_right'  ><div class='container av-section-cont-open' ><div class='template-page content  av-content-small alpha units'><div class='post-entry post-entry-type-page post-entry-2419'><div class='entry-content-wrapper clearfix'>\n<div  class='flex_column av-av_one_half-2d22dc0500e159f2b39fe7a147caf14c av_one_half  avia-builder-el-2  el_after_av_section  el_before_av_one_half  avia-builder-el-first  first flex_column_div  '     ><section  class='av_textblock_section av-ma3lgp8k-ef0ea3fe1d31cb91e9ad572338b5b8e8 '   itemscope=\"itemscope\" itemtype=\"https:\/\/schema.org\/CreativeWork\" ><div class='avia_textblock'  itemprop=\"text\" ><p style=\"text-align: center;\">1. P\u0159ehled Zelen\u00e9 dohody \u2013 zd\u016fvodn\u011bn\u00ed, c\u00edle a d\u016fsledky. ESG reportovac\u00ed r\u00e1mce.<\/p>\n<\/div><\/section><br \/>\n<\/p><\/div><div  class='flex_column av-av_one_half-3b0d446bf9e6f7db91541aa567be4cdf av_one_half  avia-builder-el-5  el_after_av_one_half  el_before_av_one_half  flex_column_div  '     ><section  class='av_textblock_section av-ma3lgz1t-7b783cb3a23e16fabe9130cb3264a2ec '   itemscope=\"itemscope\" itemtype=\"https:\/\/schema.org\/CreativeWork\" ><div class='avia_textblock'  itemprop=\"text\" ><p style=\"text-align: center;\">2. Rozvoj m\u011bkk\u00fdch dovednost\u00ed pot\u0159ebn\u00fdch pro pr\u00e1ci poradc\u016f \/ konzultant\u016f<\/p>\n<\/div><\/section><br \/>\n<\/p><\/div><div  class='flex_column av-av_one_half-2d22dc0500e159f2b39fe7a147caf14c av_one_half  avia-builder-el-8  el_after_av_one_half  el_before_av_one_half  first flex_column_div  column-top-margin'     ><section  class='av_textblock_section av-ma3lh9bh-a101cc814fb44508640f0ad328d55365 '   itemscope=\"itemscope\" itemtype=\"https:\/\/schema.org\/CreativeWork\" ><div class='avia_textblock'  itemprop=\"text\" ><p style=\"text-align: center;\">3. P\u0159\u00edpadov\u00e9 studie \u2013 Just Transition in Practice.<\/p>\n<\/div><\/section><br \/>\n<\/p><\/div><div  class='flex_column av-av_one_half-3b0d446bf9e6f7db91541aa567be4cdf av_one_half  avia-builder-el-11  el_after_av_one_half  el_before_av_one_half  flex_column_div  column-top-margin'     ><section  class='av_textblock_section av-ma3lhkmc-fc855388f0ba2f9882e22b756ad22865 '   itemscope=\"itemscope\" itemtype=\"https:\/\/schema.org\/CreativeWork\" ><div class='avia_textblock'  itemprop=\"text\" ><p style=\"text-align: center;\">4. p\u0159isp\u00edv\u00e1n\u00ed k OER a konzulta\u010dn\u00edmu ak\u010dn\u00edmu pl\u00e1nu z pohledu maltsk\u00fdch zam\u011bstnavatel\u016f<\/p>\n<\/div><\/section><br \/>\n<\/p><\/div><div  class='flex_column av-av_one_half-2d22dc0500e159f2b39fe7a147caf14c av_one_half  avia-builder-el-14  el_after_av_one_half  el_before_av_one_half  first flex_column_div  column-top-margin'     ><section  class='av_textblock_section av-ma3lhy68-926c8b8e5fa2f0135fc1dce39e8bafed '   itemscope=\"itemscope\" itemtype=\"https:\/\/schema.org\/CreativeWork\" ><div class='avia_textblock'  itemprop=\"text\" ><p style=\"text-align: center;\">5. Pr\u00e1vn\u00ed p\u0159edpisy EU o zapojen\u00ed zam\u011bstnanc\u016f v kostce (v\u00fdklad a pokyny k \u00fa\u010dinn\u00e9mu prov\u00e1d\u011bn\u00ed pr\u00e1vn\u00edho r\u00e1mce EU a vnitrost\u00e1tn\u00edho pr\u00e1vn\u00edho r\u00e1mce \u2013 Odkud se bere klimatick\u00e1 politika?<\/p>\n<\/div><\/section><br \/>\n<\/p><\/div><div  class='flex_column av-av_one_half-3b0d446bf9e6f7db91541aa567be4cdf av_one_half  avia-builder-el-17  el_after_av_one_half  el_before_av_one_half  flex_column_div  column-top-margin'     ><section  class='av_textblock_section av-ma3li8fp-9697d93aa602801bf13a162a73a039b9 '   itemscope=\"itemscope\" itemtype=\"https:\/\/schema.org\/CreativeWork\" ><div class='avia_textblock'  itemprop=\"text\" ><p style=\"text-align: center;\">6. P\u0159\u00ednos v\u011bdy o klimatu<\/p>\n<\/div><\/section><br \/>\n<\/p><\/div><div  class='flex_column av-av_one_half-2d22dc0500e159f2b39fe7a147caf14c av_one_half  avia-builder-el-20  el_after_av_one_half  avia-builder-el-last  first flex_column_div  column-top-margin'     ><section  class='av_textblock_section av-ma3liim4-b440da0974068b7b10aea3cc90c0fb28 '   itemscope=\"itemscope\" itemtype=\"https:\/\/schema.org\/CreativeWork\" ><div class='avia_textblock'  itemprop=\"text\" ><p style=\"text-align: center;\">7. Studie o zelen\u00e9m p\u0159echodu k otev\u0159en\u00fdm vzd\u011bl\u00e1vac\u00edm zdroj\u016fm (OER) z pohledu polsk\u00fdch zam\u011bstnavatel\u016f<\/p>\n<\/div><\/section><br \/>\n<\/p><\/div><\/p>\n","protected":false},"excerpt":{"rendered":"","protected":false},"author":3,"featured_media":0,"parent":0,"menu_order":0,"comment_status":"closed","ping_status":"closed","template":"","meta":{"footnotes":""},"class_list":["post-2419","page","type-page","status-publish","hentry"],"_links":{"self":[{"href":"https:\/\/gtaplatform.eu\/cs\/wp-json\/wp\/v2\/pages\/2419","targetHints":{"allow":["GET"]}}],"collection":[{"href":"https:\/\/gtaplatform.eu\/cs\/wp-json\/wp\/v2\/pages"}],"about":[{"href":"https:\/\/gtaplatform.eu\/cs\/wp-json\/wp\/v2\/types\/page"}],"author":[{"embeddable":true,"href":"https:\/\/gtaplatform.eu\/cs\/wp-json\/wp\/v2\/users\/3"}],"replies":[{"embeddable":true,"href":"https:\/\/gtaplatform.eu\/cs\/wp-json\/wp\/v2\/comments?post=2419"}],"version-history":[{"count":2,"href":"https:\/\/gtaplatform.eu\/cs\/wp-json\/wp\/v2\/pages\/2419\/revisions"}],"predecessor-version":[{"id":2421,"href":"https:\/\/gtaplatform.eu\/cs\/wp-json\/wp\/v2\/pages\/2419\/revisions\/2421"}],"wp:attachment":[{"href":"https:\/\/gtaplatform.eu\/cs\/wp-json\/wp\/v2\/media?parent=2419"}],"curies":[{"name":"wp","href":"https:\/\/api.w.org\/{rel}","templated":true}]}}