{"id":1594,"date":"2025-03-04T04:19:20","date_gmt":"2025-03-04T04:19:20","guid":{"rendered":"http:\/\/gtaplatform.eu\/?page_id=1594"},"modified":"2025-03-04T04:39:43","modified_gmt":"2025-03-04T04:39:43","slug":"modules-de-formation","status":"publish","type":"page","link":"https:\/\/gtaplatform.eu\/fr\/modules-de-formation\/","title":{"rendered":"Modules de formation"},"content":{"rendered":"\n<style type=\"text\/css\" data-created_by=\"avia_inline_auto\" id=\"style-css-av-lr41usaq-7c702b7c254ee4cc28209cb875164cd1\">\n.avia-section.av-lr41usaq-7c702b7c254ee4cc28209cb875164cd1{\nbackground-repeat:no-repeat;\nbackground-image:url(https:\/\/gtaplatform.eu\/wp-content\/uploads\/2025\/01\/GTA-Home.jpg);\nbackground-position:50% 50%;\nbackground-attachment:scroll;\n}\n.avia-section.av-lr41usaq-7c702b7c254ee4cc28209cb875164cd1 .av-section-color-overlay{\nopacity:0.8;\nbackground-color:#50a331;\n}\n<\/style>\n<div id='av_section_1'  class='avia-section av-lr41usaq-7c702b7c254ee4cc28209cb875164cd1 main_color avia-section-default avia-no-border-styling  avia-builder-el-0  el_before_av_one_full  avia-builder-el-first  avia-full-stretch avia-bg-style-scroll av-section-color-overlay-active av-minimum-height av-minimum-height-100 av-height-100  container_wrap sidebar_right'  data-section-bg-repeat='stretch' data-av_minimum_height_pc='100' data-av_min_height_opt='100'><div class=\"av-section-color-overlay-wrap\"><div class=\"av-section-color-overlay\"><\/div><div class='container av-section-cont-open' ><main  role=\"main\" itemprop=\"mainContentOfPage\"  class='template-page content  av-content-small alpha units'><div class='post-entry post-entry-type-page post-entry-1594'><div class='entry-content-wrapper clearfix'>\n\n<style type=\"text\/css\" data-created_by=\"avia_inline_auto\" id=\"style-css-av-lr41xi0y-897fad962fb15ef99da56a021ec2482c\">\n#top .av-special-heading.av-lr41xi0y-897fad962fb15ef99da56a021ec2482c{\npadding-bottom:10px;\ncolor:#ffffff;\nfont-size:4vw;\n}\nbody .av-special-heading.av-lr41xi0y-897fad962fb15ef99da56a021ec2482c .av-special-heading-tag .heading-char{\nfont-size:25px;\n}\n#top #wrap_all .av-special-heading.av-lr41xi0y-897fad962fb15ef99da56a021ec2482c .av-special-heading-tag{\nfont-size:4vw;\n}\n.av-special-heading.av-lr41xi0y-897fad962fb15ef99da56a021ec2482c .special-heading-inner-border{\nborder-color:#ffffff;\n}\n.av-special-heading.av-lr41xi0y-897fad962fb15ef99da56a021ec2482c .av-subheading{\nfont-size:15px;\n}\nbody .av-special-heading.av-lr41xi0y-897fad962fb15ef99da56a021ec2482c .av-special-heading-tag .heading-wrap:before{\nborder-color:#ffffff;\n}\nbody .av-special-heading.av-lr41xi0y-897fad962fb15ef99da56a021ec2482c .av-special-heading-tag .heading-wrap:after{\nborder-color:#ffffff;\n}\n\n@media only screen and (min-width: 480px) and (max-width: 767px){ \n#top #wrap_all .av-special-heading.av-lr41xi0y-897fad962fb15ef99da56a021ec2482c .av-special-heading-tag{\nfont-size:0.8em;\n}\n}\n\n@media only screen and (max-width: 479px){ \n#top #wrap_all .av-special-heading.av-lr41xi0y-897fad962fb15ef99da56a021ec2482c .av-special-heading-tag{\nfont-size:0.8em;\n}\n}\n<\/style>\n<div  class='av-special-heading av-lr41xi0y-897fad962fb15ef99da56a021ec2482c av-special-heading-h2 custom-color-heading blockquote modern-quote modern-centered  avia-builder-el-1  avia-builder-el-no-sibling  av-inherit-size'><h2 class='av-special-heading-tag '  itemprop=\"headline\"  >CONSOLIDATION DE LA PARTICIPATION DES TRAVAILLEURS DES ENTREPRISES \u00c0 LA PR\u00c9PARATION ET \u00c0 LA GESTION DES CHANGEMENTS PRODUITS  PAR LA TRANSITION VERTE &#8211; GTA<\/h2><div class=\"special-heading-border\"><div class=\"special-heading-inner-border\"><\/div><\/div><\/div>\n<\/div><\/div><\/main><!-- close content main element --><\/div><\/div><\/div><div id='after_section_1'  class='main_color av_default_container_wrap container_wrap sidebar_right'  ><div class='container av-section-cont-open' ><div class='template-page content  av-content-small alpha units'><div class='post-entry post-entry-type-page post-entry-1594'><div class='entry-content-wrapper clearfix'>\n<div  class='flex_column av-23f0cl-04bac747ddc1711d998f8b451242106b av_one_full  avia-builder-el-2  el_after_av_section  avia-builder-el-no-sibling  first flex_column_div  '     ><div  class='tabcontainer av-m7tzc5x2-b94e5529430ef399416ff37fd8253e14 top_tab  avia-builder-el-3  avia-builder-el-no-sibling '>\n<section class='av_tab_section av_tab_section av-m7tz9rzj-2474a74ed50b21c33392fedc9622f3ce'  itemscope=\"itemscope\" itemtype=\"https:\/\/schema.org\/CreativeWork\" ><div id='tab-id-1-tab' class='tab active_tab' role='tab' aria-selected=\"true\" tabindex=\"0\" data-fake-id='#tab-id-1' aria-controls='tab-id-1-content'  itemprop=\"headline\" ><span class='tab_icon' aria-hidden='true' data-av_icon='\ue812' data-av_iconfont='entypo-fontello'><\/span>1er module<\/div><div id='tab-id-1-content' class='tab_content active_tab_content' role='tabpanel' aria-labelledby='tab-id-1-tab' aria-hidden=\"false\"><div class='tab_inner_content invers-color'  itemprop=\"text\" ><p><embed src=\"http:\/\/gtaplatform.eu\/wp-content\/uploads\/2025\/03\/1.-FR-SPS-GTA-module-green-and-digital-transition.DOCX.pdf\" type=\"application\/pdf\" width=\"100%\" height=\"600px\" \/><\/p>\n<\/div><\/div><\/section>\n<section class='av_tab_section av_tab_section av-m7tzaip8-f5de8c3314144d7db2f9809dacbe5542'  itemscope=\"itemscope\" itemtype=\"https:\/\/schema.org\/CreativeWork\" ><div id='tab-id-2-tab' class='tab' role='tab' aria-selected=\"false\" tabindex=\"0\" data-fake-id='#tab-id-2' aria-controls='tab-id-2-content'  itemprop=\"headline\" ><span class='tab_icon' aria-hidden='true' data-av_icon='\ue812' data-av_iconfont='entypo-fontello'><\/span>2e module<\/div><div id='tab-id-2-content' class='tab_content' role='tabpanel' aria-labelledby='tab-id-2-tab' aria-hidden=\"true\"><div class='tab_inner_content invers-color'  itemprop=\"text\" ><p><embed src=\"http:\/\/gtaplatform.eu\/wp-content\/uploads\/2025\/03\/2.-GWU-Module-GTA-_FR.docx.pdf\" type=\"application\/pdf\" width=\"100%\" height=\"600px\" \/><\/p>\n<\/div><\/div><\/section>\n<section class='av_tab_section av_tab_section av-m7tzb56s-b82c5c1138954667a2f702dd79f3c977'  itemscope=\"itemscope\" itemtype=\"https:\/\/schema.org\/CreativeWork\" ><div id='tab-id-3-tab' class='tab' role='tab' aria-selected=\"false\" tabindex=\"0\" data-fake-id='#tab-id-3' aria-controls='tab-id-3-content'  itemprop=\"headline\" ><span class='tab_icon' aria-hidden='true' data-av_icon='\ue812' data-av_iconfont='entypo-fontello'><\/span>3e module<\/div><div id='tab-id-3-content' class='tab_content' role='tabpanel' aria-labelledby='tab-id-3-tab' aria-hidden=\"true\"><div class='tab_inner_content invers-color'  itemprop=\"text\" ><p><embed src=\"http:\/\/gtaplatform.eu\/wp-content\/uploads\/2025\/03\/3.-FR-Podstawy-analizy-finansowej.docx.pdf\" type=\"application\/pdf\" width=\"100%\" height=\"600px\" \/><\/p>\n<\/div><\/div><\/section>\n<section class='av_tab_section av_tab_section av-m7tzc46r-500fc983399e35087ea1679bef2b9119'  itemscope=\"itemscope\" itemtype=\"https:\/\/schema.org\/CreativeWork\" ><div id='tab-id-4-tab' class='tab' role='tab' aria-selected=\"false\" tabindex=\"0\" data-fake-id='#tab-id-4' aria-controls='tab-id-4-content'  itemprop=\"headline\" ><span class='tab_icon' aria-hidden='true' data-av_icon='\ue812' data-av_iconfont='entypo-fontello'><\/span>4e module<\/div><div id='tab-id-4-content' class='tab_content' role='tabpanel' aria-labelledby='tab-id-4-tab' aria-hidden=\"true\"><div class='tab_inner_content invers-color'  itemprop=\"text\" ><p><embed src=\"http:\/\/gtaplatform.eu\/wp-content\/uploads\/2025\/03\/4.-FR-The-role-of-effective-communication.docx.pdf\" type=\"application\/pdf\" width=\"100%\" height=\"600px\" \/><\/p>\n<\/div><\/div><\/section>\n<\/div><\/div>\n","protected":false},"excerpt":{"rendered":"","protected":false},"author":3,"featured_media":0,"parent":0,"menu_order":0,"comment_status":"closed","ping_status":"closed","template":"","meta":{"footnotes":""},"class_list":["post-1594","page","type-page","status-publish","hentry"],"_links":{"self":[{"href":"https:\/\/gtaplatform.eu\/fr\/wp-json\/wp\/v2\/pages\/1594","targetHints":{"allow":["GET"]}}],"collection":[{"href":"https:\/\/gtaplatform.eu\/fr\/wp-json\/wp\/v2\/pages"}],"about":[{"href":"https:\/\/gtaplatform.eu\/fr\/wp-json\/wp\/v2\/types\/page"}],"author":[{"embeddable":true,"href":"https:\/\/gtaplatform.eu\/fr\/wp-json\/wp\/v2\/users\/3"}],"replies":[{"embeddable":true,"href":"https:\/\/gtaplatform.eu\/fr\/wp-json\/wp\/v2\/comments?post=1594"}],"version-history":[{"count":4,"href":"https:\/\/gtaplatform.eu\/fr\/wp-json\/wp\/v2\/pages\/1594\/revisions"}],"predecessor-version":[{"id":1733,"href":"https:\/\/gtaplatform.eu\/fr\/wp-json\/wp\/v2\/pages\/1594\/revisions\/1733"}],"wp:attachment":[{"href":"https:\/\/gtaplatform.eu\/fr\/wp-json\/wp\/v2\/media?parent=1594"}],"curies":[{"name":"wp","href":"https:\/\/api.w.org\/{rel}","templated":true}]}}