{"id":217,"date":"2024-01-07T22:01:30","date_gmt":"2024-01-07T22:01:30","guid":{"rendered":"http:\/\/gtaplatform.eu\/home\/"},"modified":"2025-04-08T06:18:59","modified_gmt":"2025-04-08T06:18:59","slug":"home","status":"publish","type":"page","link":"https:\/\/gtaplatform.eu\/fr\/","title":{"rendered":"Home"},"content":{"rendered":"\n<style type=\"text\/css\" data-created_by=\"avia_inline_auto\" id=\"style-css-av-lr41usaq-7c702b7c254ee4cc28209cb875164cd1\">\n.avia-section.av-lr41usaq-7c702b7c254ee4cc28209cb875164cd1{\nbackground-repeat:no-repeat;\nbackground-image:url(https:\/\/gtaplatform.eu\/wp-content\/uploads\/2025\/01\/GTA-Home.jpg);\nbackground-position:50% 50%;\nbackground-attachment:scroll;\n}\n.avia-section.av-lr41usaq-7c702b7c254ee4cc28209cb875164cd1 .av-section-color-overlay{\nopacity:0.8;\nbackground-color:#50a331;\n}\n<\/style>\n<div id='av_section_1'  class='avia-section av-lr41usaq-7c702b7c254ee4cc28209cb875164cd1 main_color avia-section-default avia-no-border-styling  avia-builder-el-0  el_before_av_textblock  avia-builder-el-first  avia-full-stretch avia-bg-style-scroll av-section-color-overlay-active av-minimum-height av-minimum-height-100 av-height-100  container_wrap sidebar_right'  data-section-bg-repeat='stretch' data-av_minimum_height_pc='100' data-av_min_height_opt='100'><div class=\"av-section-color-overlay-wrap\"><div class=\"av-section-color-overlay\"><\/div><div class='container av-section-cont-open' ><main  role=\"main\" itemprop=\"mainContentOfPage\"  class='template-page content  av-content-small alpha units'><div class='post-entry post-entry-type-page post-entry-217'><div class='entry-content-wrapper clearfix'>\n\n<style type=\"text\/css\" data-created_by=\"avia_inline_auto\" id=\"style-css-av-lr41xi0y-897fad962fb15ef99da56a021ec2482c\">\n#top .av-special-heading.av-lr41xi0y-897fad962fb15ef99da56a021ec2482c{\npadding-bottom:10px;\ncolor:#ffffff;\nfont-size:4vw;\n}\nbody .av-special-heading.av-lr41xi0y-897fad962fb15ef99da56a021ec2482c .av-special-heading-tag .heading-char{\nfont-size:25px;\n}\n#top #wrap_all .av-special-heading.av-lr41xi0y-897fad962fb15ef99da56a021ec2482c .av-special-heading-tag{\nfont-size:4vw;\n}\n.av-special-heading.av-lr41xi0y-897fad962fb15ef99da56a021ec2482c .special-heading-inner-border{\nborder-color:#ffffff;\n}\n.av-special-heading.av-lr41xi0y-897fad962fb15ef99da56a021ec2482c .av-subheading{\nfont-size:15px;\n}\nbody .av-special-heading.av-lr41xi0y-897fad962fb15ef99da56a021ec2482c .av-special-heading-tag .heading-wrap:before{\nborder-color:#ffffff;\n}\nbody .av-special-heading.av-lr41xi0y-897fad962fb15ef99da56a021ec2482c .av-special-heading-tag .heading-wrap:after{\nborder-color:#ffffff;\n}\n\n@media only screen and (min-width: 480px) and (max-width: 767px){ \n#top #wrap_all .av-special-heading.av-lr41xi0y-897fad962fb15ef99da56a021ec2482c .av-special-heading-tag{\nfont-size:0.8em;\n}\n}\n\n@media only screen and (max-width: 479px){ \n#top #wrap_all .av-special-heading.av-lr41xi0y-897fad962fb15ef99da56a021ec2482c .av-special-heading-tag{\nfont-size:0.8em;\n}\n}\n<\/style>\n<div  class='av-special-heading av-lr41xi0y-897fad962fb15ef99da56a021ec2482c av-special-heading-h2 custom-color-heading blockquote modern-quote modern-centered  avia-builder-el-1  avia-builder-el-no-sibling  av-inherit-size'><h2 class='av-special-heading-tag '  itemprop=\"headline\"  >CONSOLIDATION DE LA PARTICIPATION DES TRAVAILLEURS DES ENTREPRISES \u00c0 LA PR\u00c9PARATION ET \u00c0 LA GESTION DES CHANGEMENTS PRODUITS  PAR LA TRANSITION VERTE &#8211; GTA<\/h2><div class=\"special-heading-border\"><div class=\"special-heading-inner-border\"><\/div><\/div><\/div>\n<\/div><\/div><\/main><!-- close content main element --><\/div><\/div><\/div><div id='after_section_1'  class='main_color av_default_container_wrap container_wrap sidebar_right'  ><div class='container av-section-cont-open' ><div class='template-page content  av-content-small alpha units'><div class='post-entry post-entry-type-page post-entry-217'><div class='entry-content-wrapper clearfix'>\n<section  class='av_textblock_section av-m7ldirv9-93a31f68c199113664503d591df446de '   itemscope=\"itemscope\" itemtype=\"https:\/\/schema.org\/CreativeWork\" ><div class='avia_textblock'  itemprop=\"text\" ><p style=\"text-align: center;\">D\u00e9but : 01.12.2023<\/p>\n<p style=\"text-align: center;\">Fin : 31.07.2025<\/p>\n<p style=\"text-align: center;\">Dur\u00e9e : 20 mois<\/p>\n<\/div><\/section>\n<div  class='hr av-av_hr-91d7ccd583a503147498e120fee2ff9b hr-default  avia-builder-el-3  el_after_av_textblock  el_before_av_one_full '><span class='hr-inner '><span class=\"hr-inner-style\"><\/span><\/span><\/div>\n<div  class='flex_column av-av_one_full-2d22dc0500e159f2b39fe7a147caf14c av_one_full  avia-builder-el-4  el_after_av_hr  el_before_av_hr  first flex_column_div  '     ><section  class='av_textblock_section av-m7ldi4oz-4a0869f0ed8b05ff38220380f3fb6e04 '   itemscope=\"itemscope\" itemtype=\"https:\/\/schema.org\/CreativeWork\" ><div class='avia_textblock'  itemprop=\"text\" ><p><u>Project beneficiaries:<\/u><\/p>\n<p style=\"text-align: center;\"><strong>&#8211; OGOLNOPOLSKIE POROZUMIENIE ZWIAZKOW ZAWODOWYCH (OPZZ)<\/strong>-Poland,<\/p>\n<p style=\"text-align: center;\">&#8211; <strong>VORMING EN ACTIE (Vorming)<\/strong> &#8211; Belgium,<\/p>\n<p style=\"text-align: center;\">&#8211; <strong>GENERAL WORKERS UNION TRADE UNION (GWU) &#8211;<\/strong> Malta,<\/p>\n<p style=\"text-align: center;\">&#8211; <strong>THE MALTA CHAMBER OF COMMERCE AND ENTERPRISE ASSOCIATION (MCOC) &#8211; <\/strong>Malta,<\/p>\n<p style=\"text-align: center;\">&#8211; <strong>FEDERACJA PRZEDSIEBIORCOW POLSKICH (FPP) &#8211;<\/strong> Poland,<\/p>\n<p style=\"text-align: center;\">&#8211; <strong>THE ASSOTIATION OF TRADE UNIONS OF LVIV REGION (ATULR) &#8211;<\/strong> Ukraine,<\/p>\n<p style=\"text-align: center;\">&#8211; <strong>CONFEDERAZIONE GENERALE ITALIANA DEL LAVORO (CGIL) &#8211;<\/strong> Italy,<\/p>\n<p style=\"text-align: center;\">&#8211; <strong>SVAZ PODNIKATELU VE STAVEBNICTVI (SPS) \u2013<\/strong> Czech REpublic<\/p>\n<p style=\"text-align: center;\">&#8211; <strong>ALGEMEEN CHRISTELIJK VAKVERBOND VAN BELGIE (ACV-CSC) \u2013<\/strong> Belgium.<\/p>\n<\/div><\/section><\/div><div  class='hr av-av_hr-91d7ccd583a503147498e120fee2ff9b hr-default  avia-builder-el-6  el_after_av_one_full  el_before_av_one_full '><span class='hr-inner '><span class=\"hr-inner-style\"><\/span><\/span><\/div><\/p>\n<div  class='flex_column av-av_one_full-2d22dc0500e159f2b39fe7a147caf14c av_one_full  avia-builder-el-7  el_after_av_hr  el_before_av_hr  first flex_column_div  '     ><section  class='av_textblock_section av-m983y8r2-77f2bd21e0a5f7ebef6a971d775a4445 '   itemscope=\"itemscope\" itemtype=\"https:\/\/schema.org\/CreativeWork\" ><div class='avia_textblock'  itemprop=\"text\" ><div class=\"n4sEPd\">\n<div class=\"QFw9Te BLojaf\">\n<div id=\"ow9\"><strong>L&rsquo;objectif de ce projet<\/strong> est de renforcer la capacit\u00e9 des parties prenantes \u00e0 utiliser les outils d&rsquo;information, de consultation et de participation sur le lieu de travail, en garantissant une participation effective des travailleurs aux processus d\u00e9cisionnels li\u00e9s \u00e0 la transition \u00e9cologique et en tenant compte de leurs int\u00e9r\u00eats. Il r\u00e9pond ainsi \u00e0 la deuxi\u00e8me priorit\u00e9 : soutenir l&rsquo;implication des travailleurs dans l&rsquo;anticipation et la gestion du changement, ainsi que dans la pr\u00e9vention et la r\u00e9solution des conflits en cas de restructurations diverses.<\/div>\n<\/div>\n<\/div>\n<\/div><\/section><\/div><div  class='hr av-av_hr-91d7ccd583a503147498e120fee2ff9b hr-default  avia-builder-el-9  el_after_av_one_full  el_before_av_one_full '><span class='hr-inner '><span class=\"hr-inner-style\"><\/span><\/span><\/div><\/p>\n<div  class='flex_column av-av_one_full-2d22dc0500e159f2b39fe7a147caf14c av_one_full  avia-builder-el-10  el_after_av_hr  avia-builder-el-last  first flex_column_div  '     ><section  class='av_textblock_section av-m9840pwz-2e7487333556413ec8b5639bcbab99c6 '   itemscope=\"itemscope\" itemtype=\"https:\/\/schema.org\/CreativeWork\" ><div class='avia_textblock'  itemprop=\"text\" ><p><strong>Activit\u00e9s du projet\u00a0:<\/strong><\/p>\n<p style=\"text-align: center;\">\n&#8211; R\u00e9union du comit\u00e9 de pilotage en ligne, 01\/02\/2024<\/p>\n<p style=\"text-align: center;\">\n&#8211; \u00c9laboration du plan d\u2019action du r\u00e9seau EGWPAN<\/p>\n<p style=\"text-align: center;\">\n&#8211; 1re r\u00e9union de r\u00e9seautage en ligne, 05\/04\/2024<\/p>\n<p style=\"text-align: center;\">\n&#8211; 1re formation en ligne sur les comp\u00e9tences, 20-21\/05\/2024<\/p>\n<p style=\"text-align: center;\">\n&#8211; 2e formation en ligne sur les comp\u00e9tences, 08-09\/07\/2024<\/p>\n<p style=\"text-align: center;\">\n&#8211; 2e r\u00e9union de r\u00e9seautage en ligne, 03\/06\/2024<\/p>\n<p style=\"text-align: center;\">\n&#8211; Formation en pr\u00e9sentiel sur les comp\u00e9tences \u00e0 Cracovie, 17-18\/07\/2024<\/p>\n<p style=\"text-align: center;\">\n&#8211; Pr\u00e9paration de la plateforme num\u00e9rique de ressources \u00e9ducatives libres (REL)<\/p>\n<p style=\"text-align: center;\">\n&#8211; 3e r\u00e9union de r\u00e9seautage en ligne, 11\/09\/2024<\/p>\n<p style=\"text-align: center;\">\n&#8211; \u00c9laboration de la formation EGWPAN sur la gestion agile du changement \u00e9cologique destin\u00e9e aux repr\u00e9sentants des travailleurs (4 modules)<\/p>\n<p style=\"text-align: center;\">\n&#8211; Test de la formation\u00a0: une r\u00e9union nationale de formation en ligne<\/p>\n<p style=\"text-align: center;\">\n&#8211; \u00c9laboration du plan d\u2019action pour la gestion du changement \u00e9cologique pour une int\u00e9gration inclusive Transition verte<\/p>\n<p style=\"text-align: center;\">\n&#8211; S\u00e9minaire en ligne sur l&rsquo;avenir au niveau de l&rsquo;UE, mai 2025<\/p>\n<p style=\"text-align: center;\">\n&#8211; Vid\u00e9o promouvant le travail du R\u00e9seau europ\u00e9en de conseillers en participation des travailleurs verts (EGWPAN).<\/p>\n<\/div><\/section><\/div>\n","protected":false},"excerpt":{"rendered":"","protected":false},"author":1,"featured_media":0,"parent":0,"menu_order":0,"comment_status":"closed","ping_status":"closed","template":"","meta":{"footnotes":""},"class_list":["post-217","page","type-page","status-publish","hentry"],"_links":{"self":[{"href":"https:\/\/gtaplatform.eu\/fr\/wp-json\/wp\/v2\/pages\/217","targetHints":{"allow":["GET"]}}],"collection":[{"href":"https:\/\/gtaplatform.eu\/fr\/wp-json\/wp\/v2\/pages"}],"about":[{"href":"https:\/\/gtaplatform.eu\/fr\/wp-json\/wp\/v2\/types\/page"}],"author":[{"embeddable":true,"href":"https:\/\/gtaplatform.eu\/fr\/wp-json\/wp\/v2\/users\/1"}],"replies":[{"embeddable":true,"href":"https:\/\/gtaplatform.eu\/fr\/wp-json\/wp\/v2\/comments?post=217"}],"version-history":[{"count":6,"href":"https:\/\/gtaplatform.eu\/fr\/wp-json\/wp\/v2\/pages\/217\/revisions"}],"predecessor-version":[{"id":3102,"href":"https:\/\/gtaplatform.eu\/fr\/wp-json\/wp\/v2\/pages\/217\/revisions\/3102"}],"wp:attachment":[{"href":"https:\/\/gtaplatform.eu\/fr\/wp-json\/wp\/v2\/media?parent=217"}],"curies":[{"name":"wp","href":"https:\/\/api.w.org\/{rel}","templated":true}]}}