{"id":209,"date":"2024-01-07T22:01:30","date_gmt":"2024-01-07T22:01:30","guid":{"rendered":"http:\/\/gtaplatform.eu\/home\/"},"modified":"2025-04-15T06:12:48","modified_gmt":"2025-04-15T06:12:48","slug":"home","status":"publish","type":"page","link":"https:\/\/gtaplatform.eu\/pl\/","title":{"rendered":"Home"},"content":{"rendered":"\n<style type=\"text\/css\" data-created_by=\"avia_inline_auto\" id=\"style-css-av-lr41usaq-7c702b7c254ee4cc28209cb875164cd1\">\n.avia-section.av-lr41usaq-7c702b7c254ee4cc28209cb875164cd1{\nbackground-repeat:no-repeat;\nbackground-image:url(https:\/\/gtaplatform.eu\/wp-content\/uploads\/2025\/01\/GTA-Home.jpg);\nbackground-position:50% 50%;\nbackground-attachment:scroll;\n}\n.avia-section.av-lr41usaq-7c702b7c254ee4cc28209cb875164cd1 .av-section-color-overlay{\nopacity:0.8;\nbackground-color:#50a331;\n}\n<\/style>\n<div id='av_section_1'  class='avia-section av-lr41usaq-7c702b7c254ee4cc28209cb875164cd1 main_color avia-section-default avia-no-border-styling  avia-builder-el-0  el_before_av_textblock  avia-builder-el-first  avia-full-stretch avia-bg-style-scroll av-section-color-overlay-active av-minimum-height av-minimum-height-100 av-height-100  container_wrap sidebar_right'  data-section-bg-repeat='stretch' data-av_minimum_height_pc='100' data-av_min_height_opt='100'><div class=\"av-section-color-overlay-wrap\"><div class=\"av-section-color-overlay\"><\/div><div class='container av-section-cont-open' ><main  role=\"main\" itemprop=\"mainContentOfPage\"  class='template-page content  av-content-small alpha units'><div class='post-entry post-entry-type-page post-entry-209'><div class='entry-content-wrapper clearfix'>\n\n<style type=\"text\/css\" data-created_by=\"avia_inline_auto\" id=\"style-css-av-lr41xi0y-756c363e83d20ba6278ac6bb9f44227b\">\n#top .av-special-heading.av-lr41xi0y-756c363e83d20ba6278ac6bb9f44227b{\npadding-bottom:10px;\ncolor:#ffffff;\nfont-size:4vw;\n}\nbody .av-special-heading.av-lr41xi0y-756c363e83d20ba6278ac6bb9f44227b .av-special-heading-tag .heading-char{\nfont-size:25px;\n}\n#top #wrap_all .av-special-heading.av-lr41xi0y-756c363e83d20ba6278ac6bb9f44227b .av-special-heading-tag{\nfont-size:4vw;\n}\n.av-special-heading.av-lr41xi0y-756c363e83d20ba6278ac6bb9f44227b .special-heading-inner-border{\nborder-color:#ffffff;\n}\n.av-special-heading.av-lr41xi0y-756c363e83d20ba6278ac6bb9f44227b .av-subheading{\nfont-size:15px;\n}\nbody .av-special-heading.av-lr41xi0y-756c363e83d20ba6278ac6bb9f44227b .av-special-heading-tag .heading-wrap:before{\nborder-color:#ffffff;\n}\nbody .av-special-heading.av-lr41xi0y-756c363e83d20ba6278ac6bb9f44227b .av-special-heading-tag .heading-wrap:after{\nborder-color:#ffffff;\n}\n\n@media only screen and (min-width: 480px) and (max-width: 767px){ \n#top #wrap_all .av-special-heading.av-lr41xi0y-756c363e83d20ba6278ac6bb9f44227b .av-special-heading-tag{\nfont-size:0.8em;\n}\n}\n\n@media only screen and (max-width: 479px){ \n#top #wrap_all .av-special-heading.av-lr41xi0y-756c363e83d20ba6278ac6bb9f44227b .av-special-heading-tag{\nfont-size:0.8em;\n}\n}\n<\/style>\n<div  class='av-special-heading av-lr41xi0y-756c363e83d20ba6278ac6bb9f44227b av-special-heading-h2 custom-color-heading blockquote modern-quote modern-centered  avia-builder-el-1  avia-builder-el-no-sibling  av-inherit-size'><h2 class='av-special-heading-tag '  itemprop=\"headline\"  >ZWI\u0118KSZANIE ZAANGA\u017bOWANIA PRACOWNIK\u00d3W W ANTYCYPOWANIE I ZARZ\u0104DZANIE ZMIANAMI ZWI\u0104ZANYMI Z ZIELON\u0104 TRANSFORMACJ\u0104 \u2013 GTA<\/h2><div class=\"special-heading-border\"><div class=\"special-heading-inner-border\"><\/div><\/div><\/div>\n<\/div><\/div><\/main><!-- close content main element --><\/div><\/div><\/div><div id='after_section_1'  class='main_color av_default_container_wrap container_wrap sidebar_right'  ><div class='container av-section-cont-open' ><div class='template-page content  av-content-small alpha units'><div class='post-entry post-entry-type-page post-entry-209'><div class='entry-content-wrapper clearfix'>\n<section  class='av_textblock_section av-m7ldljdn-ee4a77f79574d81d37623dc65aaa8302 '   itemscope=\"itemscope\" itemtype=\"https:\/\/schema.org\/CreativeWork\" ><div class='avia_textblock'  itemprop=\"text\" ><p style=\"text-align: center;\">Pocz\u0105tek: 01.12.2023<\/p>\n<p style=\"text-align: center;\">Koniec: 31.07.2025<\/p>\n<p style=\"text-align: center;\">Czas trwania: 20 miesi\u0119cy<\/p>\n<\/div><\/section>\n<div  class='hr av-av_hr-91d7ccd583a503147498e120fee2ff9b hr-default  avia-builder-el-3  el_after_av_textblock  el_before_av_one_full '><span class='hr-inner '><span class=\"hr-inner-style\"><\/span><\/span><\/div>\n<div  class='flex_column av-av_one_full-2d22dc0500e159f2b39fe7a147caf14c av_one_full  avia-builder-el-4  el_after_av_hr  avia-builder-el-last  first flex_column_div  '     ><p><section  class='av_textblock_section av-m7ldl1ze-bce7601880818c4dddc32d4bd9196b50 '   itemscope=\"itemscope\" itemtype=\"https:\/\/schema.org\/CreativeWork\" ><div class='avia_textblock'  itemprop=\"text\" ><p><u>Beneficjenci projektu:<\/u><\/p>\n<p style=\"text-align: center;\"><strong>&#8211; OG\u00d3LNOPOLSKIE POROZUMIENIE ZWI\u0104ZK\u00d3W ZAWODOWYCH (OPZZ)<\/strong>&#8211; Polska,<\/p>\n<p style=\"text-align: center;\">&#8211; <strong>VORMING EN ACTIE (Vorming)<\/strong> &#8211; Belgia,<\/p>\n<p style=\"text-align: center;\">&#8211; <strong>GENERAL WORKERS UNION TRADE UNION (GWU) &#8211;<\/strong> Malta,<\/p>\n<p style=\"text-align: center;\">&#8211; <strong>THE MALTA CHAMBER OF COMMERCE AND ENTERPRISE ASSOCIATION (MCOC) &#8211; <\/strong>Malta,<\/p>\n<p style=\"text-align: center;\">&#8211; <strong>FEDERACJA PRZEDSI\u0118BIORCW POLSKICH (FPP) \u2013<\/strong> Polska<\/p>\n<p style=\"text-align: center;\">&#8211; <strong>ZRZESZENIE ZWI\u0104ZK\u00d3W ZAWODOWYCH REGIONU LWOWSKIEGO (ATULR) &#8211;<\/strong> Ukraina,<\/p>\n<p style=\"text-align: center;\">&#8211; <strong>CONFEDERAZIONE GENERALE ITALIANA DEL LAVORO (CGIL) &#8211;<\/strong> W\u0142ochy,<\/p>\n<p style=\"text-align: center;\">&#8211; <strong>SVAZ PODNIKATELU VE STAVEBNICTVI (SPS) \u2013<\/strong> Czechy,<\/p>\n<p style=\"text-align: center;\">&#8211; <strong>ALGEMEEN CHRISTELIJK VAKVERBOND VAN BELGIE (ACV-CSC) \u2013<\/strong> Belgia.<\/p>\n<\/div><\/section><br \/>\n<div  class='hr av-av_hr-91d7ccd583a503147498e120fee2ff9b hr-default  avia-builder-el-6  el_after_av_textblock  el_before_av_textblock '><span class='hr-inner '><span class=\"hr-inner-style\"><\/span><\/span><\/div><br \/>\n<section  class='av_textblock_section av-m98374nr-b88447c247318723681b3a18b84bd773 '   itemscope=\"itemscope\" itemtype=\"https:\/\/schema.org\/CreativeWork\" ><div class='avia_textblock'  itemprop=\"text\" ><p><strong><u>Celem tego projektu<\/u><\/strong> jest budowanie zdolno\u015bci interesariuszy do korzystania z narz\u0119dzi informacyjnych, konsultacyjnych i partycypacyjnych w miejscu pracy, zapewniaj\u0105c skuteczne zaanga\u017cowanie pracownik\u00f3w w procesy decyzyjne zwi\u0105zane z zielon\u0105 transformacj\u0105 i uwzgl\u0119dniaj\u0105c ich interesy. Jednocze\u015bnie drugim priorytetem jest wspieranie zaanga\u017cowania pracownik\u00f3w w przewidywanie i zarz\u0105dzanie zmianami oraz zapobieganie sporom lub rozwi\u0105zywanie ich w przypadku r\u00f3\u017cnych form restrukturyzacji zak\u0142ad\u00f3w pracy.<\/p>\n<\/div><\/section><br \/>\n<div  class='hr av-av_hr-91d7ccd583a503147498e120fee2ff9b hr-default  avia-builder-el-8  el_after_av_textblock  el_before_av_textblock '><span class='hr-inner '><span class=\"hr-inner-style\"><\/span><\/span><\/div><br \/>\n<section  class='av_textblock_section av-m9837xv8-3e27eab7a4dcb0ce7485c4c094086845 '   itemscope=\"itemscope\" itemtype=\"https:\/\/schema.org\/CreativeWork\" ><div class='avia_textblock'  itemprop=\"text\" ><p><strong><u>Dzia\u0142ania w ramach projektu:<\/u><\/strong><\/p>\n<p style=\"text-align: center;\">&#8211; Spotkanie Komitetu Steruj\u0105cego online, 01.02.2024,<\/p>\n<p style=\"text-align: center;\">&#8211; Opracowanie planu dzia\u0142ania sieci EGWPAN (Europejska Sie\u0107 Zielonej Partycypacji Pracowniczej),<\/p>\n<p style=\"text-align: center;\">&#8211; Pierwsze spotkanie networkingowe online, 05.04.2024,<\/p>\n<p style=\"text-align: center;\">&#8211; Pierwszy kurs kompetenyjny online, 20-21.05.2024,<\/p>\n<p style=\"text-align: center;\">&#8211; Drugi kurs kompetencyjny online, 08-09.07.2024,<\/p>\n<p style=\"text-align: center;\">&#8211; Drugie spotkanie networkingowe online, 03.06.2024,<\/p>\n<p style=\"text-align: center;\">&#8211; Bezpo\u015brednie szkolenie kompetencyjne w Krakowie, 17-18.07.2024,<\/p>\n<p style=\"text-align: center;\">&#8211; Przygotowanie platformy cyfrowej OER \u201eOpen Educational Resources\u201d (Otwarte Zasoby Edukacyjne),<\/p>\n<p style=\"text-align: center;\">&#8211; Trzecie spotkanie networkingowe online, 11.09.2024 &#8211; Opracowanie kursu zarz\u0105dzania zielon\u0105 zmian\u0105 EGWPAN dla przedstawicieli pracownik\u00f3w (4 modu\u0142y),<\/p>\n<p style=\"text-align: center;\">&#8211; Opracowanie kursu zarz\u0105dzania zielon\u0105 zmian\u0105 EGWPAN dla przedstawicieli pracownik\u00f3w (4 modu\u0142y),<\/p>\n<p style=\"text-align: center;\">&#8211; Testowanie kursu: szkolenie online na poziomie krajowym 02.2025,<\/p>\n<p style=\"text-align: center;\">&#8211; Przygotowanie planu dzia\u0142ania w zakresie zarz\u0105dzania zielon\u0105 zmian\u0105 na rzecz zielonej transformacji sprzyjaj\u0105cej w\u0142\u0105czeniu spo\u0142ecznemu,<\/p>\n<p style=\"text-align: center;\">&#8211; Seminarium online na poziomie UE dotycz\u0105ce przysz\u0142o\u015bci, 05.2025,<\/p>\n<p style=\"text-align: center;\">&#8211; Film promuj\u0105cy prac\u0119 Europejskiej Sieci Zielonej Partycypacji Pracowniczej (EGWPAN).<\/p>\n<\/div><\/section><\/p><\/div>\n","protected":false},"excerpt":{"rendered":"","protected":false},"author":1,"featured_media":0,"parent":0,"menu_order":0,"comment_status":"closed","ping_status":"closed","template":"","meta":{"footnotes":""},"class_list":["post-209","page","type-page","status-publish","hentry"],"_links":{"self":[{"href":"https:\/\/gtaplatform.eu\/pl\/wp-json\/wp\/v2\/pages\/209","targetHints":{"allow":["GET"]}}],"collection":[{"href":"https:\/\/gtaplatform.eu\/pl\/wp-json\/wp\/v2\/pages"}],"about":[{"href":"https:\/\/gtaplatform.eu\/pl\/wp-json\/wp\/v2\/types\/page"}],"author":[{"embeddable":true,"href":"https:\/\/gtaplatform.eu\/pl\/wp-json\/wp\/v2\/users\/1"}],"replies":[{"embeddable":true,"href":"https:\/\/gtaplatform.eu\/pl\/wp-json\/wp\/v2\/comments?post=209"}],"version-history":[{"count":9,"href":"https:\/\/gtaplatform.eu\/pl\/wp-json\/wp\/v2\/pages\/209\/revisions"}],"predecessor-version":[{"id":2048,"href":"https:\/\/gtaplatform.eu\/pl\/wp-json\/wp\/v2\/pages\/209\/revisions\/2048"}],"wp:attachment":[{"href":"https:\/\/gtaplatform.eu\/pl\/wp-json\/wp\/v2\/media?parent=209"}],"curies":[{"name":"wp","href":"https:\/\/api.w.org\/{rel}","templated":true}]}}