{"id":2433,"date":"2025-04-30T07:36:24","date_gmt":"2025-04-30T07:36:24","guid":{"rendered":"http:\/\/gtaplatform.eu\/?page_id=2433"},"modified":"2025-04-30T07:36:26","modified_gmt":"2025-04-30T07:36:26","slug":"pl-oers","status":"publish","type":"page","link":"https:\/\/gtaplatform.eu\/pl\/pl-oers\/","title":{"rendered":"Oers"},"content":{"rendered":"\n<style type=\"text\/css\" data-created_by=\"avia_inline_auto\" id=\"style-css-av-lr41usaq-7c702b7c254ee4cc28209cb875164cd1\">\n.avia-section.av-lr41usaq-7c702b7c254ee4cc28209cb875164cd1{\nbackground-repeat:no-repeat;\nbackground-image:url(https:\/\/gtaplatform.eu\/wp-content\/uploads\/2025\/01\/GTA-Home.jpg);\nbackground-position:50% 50%;\nbackground-attachment:scroll;\n}\n.avia-section.av-lr41usaq-7c702b7c254ee4cc28209cb875164cd1 .av-section-color-overlay{\nopacity:0.8;\nbackground-color:#50a331;\n}\n<\/style>\n<div id='av_section_1'  class='avia-section av-lr41usaq-7c702b7c254ee4cc28209cb875164cd1 main_color avia-section-default avia-no-border-styling  avia-builder-el-0  el_before_av_one_half  avia-builder-el-first  avia-full-stretch avia-bg-style-scroll av-section-color-overlay-active av-minimum-height av-minimum-height-100 av-height-100  container_wrap sidebar_right'  data-section-bg-repeat='stretch' data-av_minimum_height_pc='100' data-av_min_height_opt='100'><div class=\"av-section-color-overlay-wrap\"><div class=\"av-section-color-overlay\"><\/div><div class='container av-section-cont-open' ><main  role=\"main\" itemprop=\"mainContentOfPage\"  class='template-page content  av-content-small alpha units'><div class='post-entry post-entry-type-page post-entry-2433'><div class='entry-content-wrapper clearfix'>\n\n<style type=\"text\/css\" data-created_by=\"avia_inline_auto\" id=\"style-css-av-lr41xi0y-03df954562395e9e6fa50fb4c93155d9\">\n#top .av-special-heading.av-lr41xi0y-03df954562395e9e6fa50fb4c93155d9{\npadding-bottom:10px;\ncolor:#ffffff;\nfont-size:4vw;\n}\nbody .av-special-heading.av-lr41xi0y-03df954562395e9e6fa50fb4c93155d9 .av-special-heading-tag .heading-char{\nfont-size:25px;\n}\n#top #wrap_all .av-special-heading.av-lr41xi0y-03df954562395e9e6fa50fb4c93155d9 .av-special-heading-tag{\nfont-size:4vw;\n}\n.av-special-heading.av-lr41xi0y-03df954562395e9e6fa50fb4c93155d9 .special-heading-inner-border{\nborder-color:#ffffff;\n}\n.av-special-heading.av-lr41xi0y-03df954562395e9e6fa50fb4c93155d9 .av-subheading{\nfont-size:15px;\n}\nbody .av-special-heading.av-lr41xi0y-03df954562395e9e6fa50fb4c93155d9 .av-special-heading-tag .heading-wrap:before{\nborder-color:#ffffff;\n}\nbody .av-special-heading.av-lr41xi0y-03df954562395e9e6fa50fb4c93155d9 .av-special-heading-tag .heading-wrap:after{\nborder-color:#ffffff;\n}\n\n@media only screen and (min-width: 480px) and (max-width: 767px){ \n#top #wrap_all .av-special-heading.av-lr41xi0y-03df954562395e9e6fa50fb4c93155d9 .av-special-heading-tag{\nfont-size:0.8em;\n}\n}\n\n@media only screen and (max-width: 479px){ \n#top #wrap_all .av-special-heading.av-lr41xi0y-03df954562395e9e6fa50fb4c93155d9 .av-special-heading-tag{\nfont-size:0.8em;\n}\n}\n<\/style>\n<div  class='av-special-heading av-lr41xi0y-03df954562395e9e6fa50fb4c93155d9 av-special-heading-h2 custom-color-heading blockquote modern-quote modern-centered  avia-builder-el-1  avia-builder-el-no-sibling  av-inherit-size'><h2 class='av-special-heading-tag '  itemprop=\"headline\"  > ZWI\u0118KSZENIE ZAANGA\u017bOWANIA PRACOWNIK\u00d3W W PRZEDSI\u0118BIORSTWACH W ZAKRESIE PRZEWIDYWANIA I ZARZ\u0104DZANIA ZMIANAMI POWODOWANYCH ZIELON\u0104 TRANSFORAMCJ\u0104 &#8211; GTA<\/h2><div class=\"special-heading-border\"><div class=\"special-heading-inner-border\"><\/div><\/div><\/div>\n<\/div><\/div><\/main><!-- close content main element --><\/div><\/div><\/div><div id='after_section_1'  class='main_color av_default_container_wrap container_wrap sidebar_right'  ><div class='container av-section-cont-open' ><div class='template-page content  av-content-small alpha units'><div class='post-entry post-entry-type-page post-entry-2433'><div class='entry-content-wrapper clearfix'>\n<div  class='flex_column av-av_one_half-2d22dc0500e159f2b39fe7a147caf14c av_one_half  avia-builder-el-2  el_after_av_section  el_before_av_one_half  avia-builder-el-first  first flex_column_div  '     ><section  class='av_textblock_section av-ma3mbd6k-81887ed83052a61249eae66b65027009 '   itemscope=\"itemscope\" itemtype=\"https:\/\/schema.org\/CreativeWork\" ><div class='avia_textblock'  itemprop=\"text\" ><p style=\"text-align: center;\">1. Przegl\u0105d Zielonego \u0141adu \u2013 uzasadnienie, cele i implikacje. Ramy raportowania ESG.<\/p>\n<\/div><\/section><br \/>\n<\/p><\/div><div  class='flex_column av-av_one_half-3b0d446bf9e6f7db91541aa567be4cdf av_one_half  avia-builder-el-5  el_after_av_one_half  el_before_av_one_half  flex_column_div  '     ><section  class='av_textblock_section av-ma3mbnhp-310bf7835bae3a290b25de19531dca12 '   itemscope=\"itemscope\" itemtype=\"https:\/\/schema.org\/CreativeWork\" ><div class='avia_textblock'  itemprop=\"text\" ><p style=\"text-align: center;\">2. Rozw\u00f3j umiej\u0119tno\u015bci interpersonalnych potrzebnych do pracy doradc\u00f3w\/konsultant\u00f3w<\/p>\n<\/div><\/section><br \/>\n<\/p><\/div><div  class='flex_column av-av_one_half-2d22dc0500e159f2b39fe7a147caf14c av_one_half  avia-builder-el-8  el_after_av_one_half  el_before_av_one_half  first flex_column_div  column-top-margin'     ><section  class='av_textblock_section av-ma3mbwy5-1f7afdf26c43c702c2dfc0f3d9cc8f9a '   itemscope=\"itemscope\" itemtype=\"https:\/\/schema.org\/CreativeWork\" ><div class='avia_textblock'  itemprop=\"text\" ><p style=\"text-align: center;\">3. Studium przypadku \u2013 Sprawiedliwa transformacja w praktyce.<\/p>\n<\/div><\/section><br \/>\n<\/p><\/div><div  class='flex_column av-av_one_half-3b0d446bf9e6f7db91541aa567be4cdf av_one_half  avia-builder-el-11  el_after_av_one_half  el_before_av_one_half  flex_column_div  column-top-margin'     ><section  class='av_textblock_section av-ma3mc6y7-1fbad577df18dc3e0551930bdfa89d43 '   itemscope=\"itemscope\" itemtype=\"https:\/\/schema.org\/CreativeWork\" ><div class='avia_textblock'  itemprop=\"text\" ><p style=\"text-align: center;\">4. Wk\u0142ad w OER i plan dzia\u0142a\u0144 konsultacyjnych z punktu widzenia malta\u0144skich pracodawc\u00f3w<\/p>\n<\/div><\/section><br \/>\n<\/p><\/div><div  class='flex_column av-av_one_half-2d22dc0500e159f2b39fe7a147caf14c av_one_half  avia-builder-el-14  el_after_av_one_half  el_before_av_one_half  first flex_column_div  column-top-margin'     ><section  class='av_textblock_section av-ma3mcif2-eaf51c21b9fb8ee55e9baedda24cdd9c '   itemscope=\"itemscope\" itemtype=\"https:\/\/schema.org\/CreativeWork\" ><div class='avia_textblock'  itemprop=\"text\" ><p style=\"text-align: center;\">5. Prawo UE dotycz\u0105ce zaanga\u017cowania pracownik\u00f3w w pigu\u0142ce (interpretacja i wytyczne dotycz\u0105ce skutecznego wdra\u017cania unijnych i krajowych ram prawnych \u2013 sk\u0105d pochodzi polityka klimatyczna?<\/p>\n<\/div><\/section><br \/>\n<\/p><\/div><div  class='flex_column av-av_one_half-3b0d446bf9e6f7db91541aa567be4cdf av_one_half  avia-builder-el-17  el_after_av_one_half  el_before_av_one_half  flex_column_div  column-top-margin'     ><section  class='av_textblock_section av-ma3mcqht-d4a8fa9ffcdc3d2e4634602770ff84ef '   itemscope=\"itemscope\" itemtype=\"https:\/\/schema.org\/CreativeWork\" ><div class='avia_textblock'  itemprop=\"text\" ><p style=\"text-align: center;\">6. Wk\u0142ad nauki o klimacie<\/p>\n<\/div><\/section><br \/>\n<\/p><\/div><div  class='flex_column av-av_one_half-2d22dc0500e159f2b39fe7a147caf14c av_one_half  avia-builder-el-20  el_after_av_one_half  avia-builder-el-last  first flex_column_div  column-top-margin'     ><section  class='av_textblock_section av-ma3md0bt-0d616ec4741e1a2b9bb782e9e60e1f7a '   itemscope=\"itemscope\" itemtype=\"https:\/\/schema.org\/CreativeWork\" ><div class='avia_textblock'  itemprop=\"text\" ><p style=\"text-align: center;\">7. Badanie na temat zielonej transformacji w kierunku otwartych zasob\u00f3w edukacyjnych (OER) z perspektywy polskich pracodawc\u00f3w<\/p>\n<\/div><\/section><br \/>\n<\/p><\/div><\/p>\n","protected":false},"excerpt":{"rendered":"","protected":false},"author":3,"featured_media":0,"parent":0,"menu_order":0,"comment_status":"closed","ping_status":"closed","template":"","meta":{"footnotes":""},"class_list":["post-2433","page","type-page","status-publish","hentry"],"_links":{"self":[{"href":"https:\/\/gtaplatform.eu\/pl\/wp-json\/wp\/v2\/pages\/2433","targetHints":{"allow":["GET"]}}],"collection":[{"href":"https:\/\/gtaplatform.eu\/pl\/wp-json\/wp\/v2\/pages"}],"about":[{"href":"https:\/\/gtaplatform.eu\/pl\/wp-json\/wp\/v2\/types\/page"}],"author":[{"embeddable":true,"href":"https:\/\/gtaplatform.eu\/pl\/wp-json\/wp\/v2\/users\/3"}],"replies":[{"embeddable":true,"href":"https:\/\/gtaplatform.eu\/pl\/wp-json\/wp\/v2\/comments?post=2433"}],"version-history":[{"count":2,"href":"https:\/\/gtaplatform.eu\/pl\/wp-json\/wp\/v2\/pages\/2433\/revisions"}],"predecessor-version":[{"id":2435,"href":"https:\/\/gtaplatform.eu\/pl\/wp-json\/wp\/v2\/pages\/2433\/revisions\/2435"}],"wp:attachment":[{"href":"https:\/\/gtaplatform.eu\/pl\/wp-json\/wp\/v2\/media?parent=2433"}],"curies":[{"name":"wp","href":"https:\/\/api.w.org\/{rel}","templated":true}]}}